{"id":7777,"date":"2025-03-28T02:23:38","date_gmt":"2025-03-28T01:23:38","guid":{"rendered":"https:\/\/360.ensea.ed.ci\/submit-a-job-offer\/"},"modified":"2025-04-16T02:26:54","modified_gmt":"2025-04-16T00:26:54","slug":"submit-a-job-offer","status":"publish","type":"page","link":"https:\/\/360.ensea.ed.ci\/en\/submit-a-job-offer\/","title":{"rendered":"Submit a job offer"},"content":{"rendered":"\t\t<div data-elementor-type=\"wp-page\" data-elementor-id=\"7777\" class=\"elementor elementor-7777 elementor-6712\" data-elementor-post-type=\"page\">\n\t\t\t\t<div class=\"elementor-element elementor-element-0f90f4e e-flex e-con-boxed e-con e-parent\" data-id=\"0f90f4e\" data-element_type=\"container\" data-e-type=\"container\" data-settings=\"{&quot;background_background&quot;:&quot;classic&quot;,&quot;jet_parallax_layout_list&quot;:[]}\">\n\t\t\t\t\t<div class=\"e-con-inner\">\n\t\t\t\t<div class=\"elementor-element elementor-element-a89a871 elementor-widget elementor-widget-heading\" data-id=\"a89a871\" data-element_type=\"widget\" data-e-type=\"widget\" data-widget_type=\"heading.default\">\n\t\t\t\t<div class=\"elementor-widget-container\">\n\t\t\t\t\t<h1 class=\"elementor-heading-title elementor-size-default\">Submit a job offer<\/h1>\t\t\t\t<\/div>\n\t\t\t\t<\/div>\n\t\t\t\t\t<\/div>\n\t\t\t\t<\/div>\n\t\t<div class=\"elementor-element elementor-element-7e4db1b e-flex e-con-boxed e-con e-parent\" data-id=\"7e4db1b\" data-element_type=\"container\" data-e-type=\"container\" data-settings=\"{&quot;jet_parallax_layout_list&quot;:[]}\">\n\t\t\t\t\t<div class=\"e-con-inner\">\n\t\t<div class=\"elementor-element elementor-element-6f38cdc e-con-full e-flex e-con e-child\" data-id=\"6f38cdc\" data-element_type=\"container\" data-e-type=\"container\" data-settings=\"{&quot;background_background&quot;:&quot;classic&quot;,&quot;jet_parallax_layout_list&quot;:[]}\">\n\t\t\t\t<div class=\"elementor-element elementor-element-49018d3 elementor-widget elementor-widget-text-editor\" data-id=\"49018d3\" data-element_type=\"widget\" data-e-type=\"widget\" data-widget_type=\"text-editor.default\">\n\t\t\t\t<div class=\"elementor-widget-container\">\n\t\t\t\t\t\t\t\t\t<p>Lorem ipsum dolor sit amet, consectetur adipiscing elit. Ut elit tellus, luctus nec ullamcorper mattis, pulvinar dapibus leo.<\/p>\t\t\t\t\t\t\t\t<\/div>\n\t\t\t\t<\/div>\n\t\t\t\t<\/div>\n\t\t<div class=\"elementor-element elementor-element-6693d49 e-con-full e-flex e-con e-child\" data-id=\"6693d49\" data-element_type=\"container\" data-e-type=\"container\" data-settings=\"{&quot;jet_parallax_layout_list&quot;:[],&quot;background_background&quot;:&quot;classic&quot;}\">\n\t\t\t\t<div class=\"elementor-element elementor-element-4a653e4 elementor-widget elementor-widget-jet-engine-booking-form\" data-id=\"4a653e4\" data-element_type=\"widget\" data-e-type=\"widget\" data-widget_type=\"jet-engine-booking-form.default\">\n\t\t\t\t<div class=\"elementor-widget-container\">\n\t\t\t\t\t<form  class=\"jet-form layout-column submit-type-ajax\" action=\"\/en\/wp-json\/wp\/v2\/pages\/7777?jet_engine_action=book&#038;nocache=1778511105\" method=\"POST\" data-form-id=\"6683\"><input class=\"jet-form__field hidden-field\" type=\"hidden\" name=\"_jet_engine_booking_form_id\" value=\"6683\" data-field-name=\"_jet_engine_booking_form_id\"><input class=\"jet-form__field hidden-field\" type=\"hidden\" name=\"_jet_engine_refer\" value=\"https:\/\/360.ensea.ed.ci\/en\/wp-json\/wp\/v2\/pages\/7777\/\" data-field-name=\"_jet_engine_refer\"><div  class=\"jet-form-row jet-form-row--first-visible\"><div class=\"jet-form-col jet-form-col-12  field-type-heading  jet-form-field-container\" data-field=\"heading\" data-conditional=\"false\"><div class=\"jet-form__heading\">\n\t<span class=\"jet-form__label-text\" >Vos coordonn\u00e9es<\/span>\n\t<\/div><\/div><\/div><div  class=\"jet-form-row\"><div class=\"jet-form-col jet-form-col-6  field-type-text  jet-form-field-container\" data-field=\"full_name\" data-conditional=\"false\"><div class=\"jet-form__label\">\n\t<span class=\"jet-form__label-text\" >Nom & Pr\u00e9nom(s)<span class=\"jet-form__required\">*<\/span><\/span>\n\t<\/div><input class=\"jet-form__field text-field \" value=\"\" required=\"required\" name=\"full_name\" id=\"full_name\" type=\"text\" data-field-name=\"full_name\"><\/div><div class=\"jet-form-col jet-form-col-6  field-type-text  jet-form-field-container\" data-field=\"contact\" data-conditional=\"false\"><div class=\"jet-form__label\">\n\t<span class=\"jet-form__label-text\" >Conatct<span class=\"jet-form__required\">*<\/span><\/span>\n\t<\/div><input class=\"jet-form__field text-field \" value=\"\" required=\"required\" name=\"contact\" id=\"contact\" type=\"text\" data-field-name=\"contact\"><\/div><\/div><div  class=\"jet-form-row\"><div class=\"jet-form-col jet-form-col-6  field-type-text  jet-form-field-container\" data-field=\"recruiter_email\" data-conditional=\"false\"><div class=\"jet-form__label\">\n\t<span class=\"jet-form__label-text\" >Adresse email<span class=\"jet-form__required\">*<\/span><\/span>\n\t<\/div><input class=\"jet-form__field text-field \" value=\"\" required=\"required\" name=\"recruiter_email\" id=\"recruiter_email\" type=\"text\" data-field-name=\"recruiter_email\"><\/div><\/div><div  class=\"jet-form-row\"><div class=\"jet-form-col jet-form-col-12  field-type-heading  jet-form-field-container\" data-field=\"heading\" data-conditional=\"false\"><div class=\"jet-form__heading\">\n\t<span class=\"jet-form__label-text\" >Description du poste<\/span>\n\t<\/div><\/div><\/div><div  class=\"jet-form-row\"><div class=\"jet-form-col jet-form-col-6  field-type-text  jet-form-field-container\" data-field=\"name\" data-conditional=\"false\"><div class=\"jet-form__label\">\n\t<span class=\"jet-form__label-text\" >Intitul\u00e9 du poste<span class=\"jet-form__required\">*<\/span><\/span>\n\t<\/div><input class=\"jet-form__field text-field \" value=\"\" required=\"required\" name=\"name\" id=\"name\" type=\"text\" data-field-name=\"name\"><\/div><div class=\"jet-form-col jet-form-col-6  field-type-text  jet-form-field-container\" data-field=\"company_name\" data-conditional=\"false\"><div class=\"jet-form__label\">\n\t<span class=\"jet-form__label-text\" >Nom de l'entreprise<span class=\"jet-form__required\">*<\/span><\/span>\n\t<\/div><input class=\"jet-form__field text-field \" value=\"\" required=\"required\" name=\"company_name\" id=\"company_name\" type=\"text\" data-field-name=\"company_name\"><\/div><\/div><div  class=\"jet-form-row\"><div class=\"jet-form-col jet-form-col-12  field-type-textarea  jet-form-field-container\" data-field=\"short_description\" data-conditional=\"false\"><div class=\"jet-form__label\">\n\t<span class=\"jet-form__label-text\" >R\u00e9sum\u00e9 du poste<span class=\"jet-form__required\">*<\/span><\/span>\n\t<\/div><textarea class=\"jet-form__field textarea-field\" required=\"required\" name=\"short_description\" data-field-name=\"short_description\" id=\"short_description\"><\/textarea><\/div><\/div><div  class=\"jet-form-row\"><div class=\"jet-form-col jet-form-col-12  field-type-text  jet-form-field-container\" data-field=\"lien_source\" data-conditional=\"false\"><div class=\"jet-form__label\">\n\t<span class=\"jet-form__label-text\" >Lien source<\/span>\n\t<\/div><input class=\"jet-form__field text-field \" value=\"\" name=\"lien_source\" id=\"lien_source\" type=\"text\" data-field-name=\"lien_source\"><\/div><\/div><div  class=\"jet-form-row\"><div class=\"jet-form-col jet-form-col-12  field-type-wysiwyg  jet-form-field-container\" data-field=\"content\" data-conditional=\"false\"><div class=\"jet-form__label\">\n\t<span class=\"jet-form__label-text\" >Description de l'emploi<\/span>\n\t<\/div><div class=\"jet-form__field wysiwyg-field\" data-editor=\"{&quot;textarea_name&quot;:&quot;content&quot;,&quot;media_buttons&quot;:false,&quot;textarea_rows&quot;:8,&quot;quicktags&quot;:false,&quot;tinymce&quot;:{&quot;plugins&quot;:&quot;lists,paste,tabfocus,link,wordpress&quot;,&quot;paste_as_text&quot;:true,&quot;paste_auto_cleanup_on_paste&quot;:true,&quot;paste_remove_spans&quot;:true,&quot;paste_remove_styles&quot;:true,&quot;paste_remove_styles_if_webkit&quot;:true,&quot;paste_strip_class_attributes&quot;:true,&quot;toolbar1&quot;:&quot;formatselect,|,bold,italic,strikethrough,blockquote,|,bullist,numlist,|,alignleft,aligncenter,alignright,|,link,unlink,|,undo,redo&quot;,&quot;toolbar2&quot;:&quot;&quot;,&quot;toolbar3&quot;:&quot;&quot;,&quot;toolbar4&quot;:&quot;&quot;}}\"><div id=\"wp-wp_editor_content-wrap\" class=\"wp-core-ui wp-editor-wrap tmce-active\"><link rel='stylesheet' id='dashicons-css' href='https:\/\/360.ensea.ed.ci\/wp-includes\/css\/dashicons.min.css' media='all' \/>\n<link rel='stylesheet' id='editor-buttons-css' href='https:\/\/360.ensea.ed.ci\/wp-includes\/css\/editor.min.css' media='all' \/>\n<div id=\"wp-wp_editor_content-editor-container\" class=\"wp-editor-container\"><textarea class=\"wp-editor-area\" rows=\"8\" autocomplete=\"off\" cols=\"40\" name=\"content\" id=\"wp_editor_content\"><\/textarea><\/div>\n<\/div>\n\n<\/div>\n<\/div><\/div><div  class=\"jet-form-row jet-form-row--submit\"><div class=\"jet-form-col jet-form-col-12  field-type-submit  jet-form-field-container\" data-field=\"Submit\" data-conditional=\"false\"><div class=\"jet-form__submit-wrap\">\n\t\t<button class=\"jet-form__submit submit-type-ajax\" type=\"button\">Soumettre<\/button>\n<\/div><\/div><\/div><input class=\"jet-form__field hidden-field\" type=\"hidden\" name=\"_jet_engine_nonce\" value=\"5992d75eb6\" data-field-name=\"_jet_engine_nonce\"><\/form><div class=\"jet-form-messages-wrap\" data-form-id=\"6683\"><\/div>\t\t\t\t<\/div>\n\t\t\t\t<\/div>\n\t\t\t\t<\/div>\n\t\t\t\t\t<\/div>\n\t\t\t\t<\/div>\n\t\t\t\t<\/div>\n\t\t","protected":false},"excerpt":{"rendered":"<p>Submit a job offer Lorem ipsum dolor sit amet, consectetur adipiscing elit. Ut elit tellus, luctus nec ullamcorper mattis, pulvinar dapibus leo. Vos coordonn\u00e9es Nom &#038; Pr\u00e9nom(s)* Conatct* Adresse email* Description du poste Intitul\u00e9 du poste* Nom de l&#8217;entreprise* R\u00e9sum\u00e9 du poste* Lien source Description de l&#8217;emploi Soumettre<\/p>\n","protected":false},"author":1,"featured_media":0,"parent":0,"menu_order":0,"comment_status":"closed","ping_status":"closed","template":"","meta":{"footnotes":""},"class_list":["post-7777","page","type-page","status-publish","hentry"],"_links":{"self":[{"href":"https:\/\/360.ensea.ed.ci\/en\/wp-json\/wp\/v2\/pages\/7777","targetHints":{"allow":["GET"]}}],"collection":[{"href":"https:\/\/360.ensea.ed.ci\/en\/wp-json\/wp\/v2\/pages"}],"about":[{"href":"https:\/\/360.ensea.ed.ci\/en\/wp-json\/wp\/v2\/types\/page"}],"author":[{"embeddable":true,"href":"https:\/\/360.ensea.ed.ci\/en\/wp-json\/wp\/v2\/users\/1"}],"replies":[{"embeddable":true,"href":"https:\/\/360.ensea.ed.ci\/en\/wp-json\/wp\/v2\/comments?post=7777"}],"version-history":[{"count":2,"href":"https:\/\/360.ensea.ed.ci\/en\/wp-json\/wp\/v2\/pages\/7777\/revisions"}],"predecessor-version":[{"id":7780,"href":"https:\/\/360.ensea.ed.ci\/en\/wp-json\/wp\/v2\/pages\/7777\/revisions\/7780"}],"wp:attachment":[{"href":"https:\/\/360.ensea.ed.ci\/en\/wp-json\/wp\/v2\/media?parent=7777"}],"curies":[{"name":"wp","href":"https:\/\/api.w.org\/{rel}","templated":true}]}}