{"id":7802,"date":"2025-02-15T19:00:07","date_gmt":"2025-02-15T18:00:07","guid":{"rendered":"https:\/\/360.ensea.ed.ci\/continuing-education\/individual-customer\/"},"modified":"2025-10-30T12:37:09","modified_gmt":"2025-10-30T11:37:09","slug":"individual-customer","status":"publish","type":"page","link":"https:\/\/360.ensea.ed.ci\/en\/continuing-education\/individual-customer\/","title":{"rendered":"Individual customer"},"content":{"rendered":"\t\t<div data-elementor-type=\"wp-page\" data-elementor-id=\"7802\" class=\"elementor elementor-7802 elementor-1330\" data-elementor-post-type=\"page\">\n\t\t\t\t<div class=\"elementor-element elementor-element-9689ec4 e-flex e-con-boxed e-con e-parent\" data-id=\"9689ec4\" data-element_type=\"container\" data-e-type=\"container\" data-settings=\"{&quot;background_background&quot;:&quot;classic&quot;,&quot;jet_parallax_layout_list&quot;:[]}\">\n\t\t\t\t\t<div class=\"e-con-inner\">\n\t\t\t\t<div class=\"elementor-element elementor-element-6a31db4 elementor-widget elementor-widget-heading\" data-id=\"6a31db4\" data-element_type=\"widget\" data-e-type=\"widget\" data-widget_type=\"heading.default\">\n\t\t\t\t<div class=\"elementor-widget-container\">\n\t\t\t\t\t<h1 class=\"elementor-heading-title elementor-size-default\">Individual customer<\/h1>\t\t\t\t<\/div>\n\t\t\t\t<\/div>\n\t\t\t\t\t<\/div>\n\t\t\t\t<\/div>\n\t\t<div class=\"elementor-element elementor-element-3c9f6f6 e-flex e-con-boxed e-con e-parent\" data-id=\"3c9f6f6\" data-element_type=\"container\" data-e-type=\"container\" data-settings=\"{&quot;jet_parallax_layout_list&quot;:[]}\">\n\t\t\t\t\t<div class=\"e-con-inner\">\n\t\t<div class=\"elementor-element elementor-element-c312f9b e-con-full e-flex e-con e-child\" data-id=\"c312f9b\" data-element_type=\"container\" data-e-type=\"container\" data-settings=\"{&quot;jet_parallax_layout_list&quot;:[]}\">\n\t\t\t\t<div class=\"elementor-element elementor-element-fe30f6c elementor-widget elementor-widget-text-editor\" data-id=\"fe30f6c\" data-element_type=\"widget\" data-e-type=\"widget\" data-widget_type=\"text-editor.default\">\n\t\t\t\t<div class=\"elementor-widget-container\">\n\t\t\t\t\t\t\t\t\t<p>ENSEA Formation Continue is the continuing education unit of the \u00c9cole Nationale Sup\u00e9rieure de Statistique d&#8217;\u00c9conomie Appliqu\u00e9e (ENSEA). Its main objective is to<br>deliver demanding training courses with innovative scientific content to public and private companies. Its top-notch trainers are experts in their fields.  <\/p><p>Thanks to its close links with the world of work and research, ENSEA Formation Continue creates a strong synergy between continuing education, initial training and the experience of practitioners. These essential assets enable us to offer high-level training courses to professionals. <\/p>\t\t\t\t\t\t\t\t<\/div>\n\t\t\t\t<\/div>\n\t\t\t\t<\/div>\n\t\t<div class=\"elementor-element elementor-element-daadcbc e-con-full e-flex e-con e-child\" data-id=\"daadcbc\" data-element_type=\"container\" data-e-type=\"container\" data-settings=\"{&quot;jet_parallax_layout_list&quot;:[]}\">\n\t\t<div class=\"elementor-element elementor-element-c795dbc e-con-full e-flex e-con e-child\" data-id=\"c795dbc\" data-element_type=\"container\" data-e-type=\"container\" data-settings=\"{&quot;jet_parallax_layout_list&quot;:[]}\">\n\t\t<div class=\"elementor-element elementor-element-3ede224 e-con-full e-flex e-con e-child\" data-id=\"3ede224\" data-element_type=\"container\" data-e-type=\"container\" data-settings=\"{&quot;background_background&quot;:&quot;classic&quot;,&quot;jet_parallax_layout_list&quot;:[]}\">\n\t\t\t\t<div class=\"elementor-element elementor-element-16c983d elementor-widget elementor-widget-heading\" data-id=\"16c983d\" data-element_type=\"widget\" data-e-type=\"widget\" data-widget_type=\"heading.default\">\n\t\t\t\t<div class=\"elementor-widget-container\">\n\t\t\t\t\t<h2 class=\"elementor-heading-title elementor-size-default\">DESIGNING THE TRAINING OFFER<\/h2>\t\t\t\t<\/div>\n\t\t\t\t<\/div>\n\t\t\t\t<\/div>\n\t\t<div class=\"elementor-element elementor-element-016e1a5 e-con-full e-flex e-con e-child\" data-id=\"016e1a5\" data-element_type=\"container\" data-e-type=\"container\" data-settings=\"{&quot;background_background&quot;:&quot;classic&quot;,&quot;jet_parallax_layout_list&quot;:[]}\">\n\t\t<div class=\"elementor-element elementor-element-c97aafb e-con-full e-flex e-con e-child\" data-id=\"c97aafb\" data-element_type=\"container\" data-e-type=\"container\" data-settings=\"{&quot;background_background&quot;:&quot;classic&quot;,&quot;jet_parallax_layout_list&quot;:[]}\">\n\t\t\t\t<div class=\"elementor-element elementor-element-245a63d elementor-widget elementor-widget-text-editor\" data-id=\"245a63d\" data-element_type=\"widget\" data-e-type=\"widget\" data-widget_type=\"text-editor.default\">\n\t\t\t\t<div class=\"elementor-widget-container\">\n\t\t\t\t\t\t\t\t\t<p>ENSEA Formation Continue welcomes students from private companies, public and semi-public organizations. It offers more than fifty inter-company training courses presented in its catalog. <\/p><p>The ENSEA Formation Continue pedagogical team can also build a flexible and efficient training program on request. Tailored to individual needs, our customized training programs make the best possible use of your time and ensure a better return on your training investment. <\/p>\t\t\t\t\t\t\t\t<\/div>\n\t\t\t\t<\/div>\n\t\t\t\t<\/div>\n\t\t\t\t<\/div>\n\t\t\t\t<\/div>\n\t\t<div class=\"elementor-element elementor-element-d51ec67 e-con-full e-flex e-con e-child\" data-id=\"d51ec67\" data-element_type=\"container\" data-e-type=\"container\" data-settings=\"{&quot;jet_parallax_layout_list&quot;:[]}\">\n\t\t<div class=\"elementor-element elementor-element-b148048 e-con-full e-flex e-con e-child\" data-id=\"b148048\" data-element_type=\"container\" data-e-type=\"container\" data-settings=\"{&quot;background_background&quot;:&quot;classic&quot;,&quot;jet_parallax_layout_list&quot;:[]}\">\n\t\t\t\t<div class=\"elementor-element elementor-element-27f6688 elementor-widget elementor-widget-heading\" data-id=\"27f6688\" data-element_type=\"widget\" data-e-type=\"widget\" data-widget_type=\"heading.default\">\n\t\t\t\t<div class=\"elementor-widget-container\">\n\t\t\t\t\t<h2 class=\"elementor-heading-title elementor-size-default\">TYPES OF TRAINING OFFERS<\/h2>\t\t\t\t<\/div>\n\t\t\t\t<\/div>\n\t\t\t\t<\/div>\n\t\t<div class=\"elementor-element elementor-element-6728ffe e-con-full e-flex e-con e-child\" data-id=\"6728ffe\" data-element_type=\"container\" data-e-type=\"container\" data-settings=\"{&quot;background_background&quot;:&quot;classic&quot;,&quot;jet_parallax_layout_list&quot;:[]}\">\n\t\t<div class=\"elementor-element elementor-element-097eac9 e-con-full e-flex e-con e-child\" data-id=\"097eac9\" data-element_type=\"container\" data-e-type=\"container\" data-settings=\"{&quot;background_background&quot;:&quot;classic&quot;,&quot;jet_parallax_layout_list&quot;:[]}\">\n\t\t\t\t<div class=\"elementor-element elementor-element-327164b elementor-widget elementor-widget-text-editor\" data-id=\"327164b\" data-element_type=\"widget\" data-e-type=\"widget\" data-widget_type=\"text-editor.default\">\n\t\t\t\t<div class=\"elementor-widget-container\">\n\t\t\t\t\t\t\t\t\t<div class=\"fusion-li-item-content\"><div class=\"fusion-text fusion-text-3\"><p>Short inter-company training courses:<br>&#8220;Les formations actions&#8221; are training courses for all, lasting from 1 to 10 days. They are open to all. <\/p><p>Tailor-made courses: These are organized in response to specific needs.<br>These courses are adapted to the expectations and challenges of companies and public authorities.<\/p><p>Certifying training courses: These certificates validate the knowledge acquired through training and its professional application. Certificates are intensive training programs lasting from 14 to 22 days, spread over several months. <\/p><\/div><\/div>\t\t\t\t\t\t\t\t<\/div>\n\t\t\t\t<\/div>\n\t\t\t\t<\/div>\n\t\t\t\t<\/div>\n\t\t\t\t<\/div>\n\t\t<div class=\"elementor-element elementor-element-1fd90a4 e-con-full e-flex e-con e-child\" data-id=\"1fd90a4\" data-element_type=\"container\" data-e-type=\"container\" data-settings=\"{&quot;jet_parallax_layout_list&quot;:[]}\">\n\t\t<div class=\"elementor-element elementor-element-59564ee e-con-full e-flex e-con e-child\" data-id=\"59564ee\" data-element_type=\"container\" data-e-type=\"container\" data-settings=\"{&quot;background_background&quot;:&quot;classic&quot;,&quot;jet_parallax_layout_list&quot;:[]}\">\n\t\t\t\t<div class=\"elementor-element elementor-element-f73c3b6 elementor-widget elementor-widget-heading\" data-id=\"f73c3b6\" data-element_type=\"widget\" data-e-type=\"widget\" data-widget_type=\"heading.default\">\n\t\t\t\t<div class=\"elementor-widget-container\">\n\t\t\t\t\t<h2 class=\"elementor-heading-title elementor-size-default\">TARGETS OF ENSEA CONTINUING EDUCATION COURSES<\/h2>\t\t\t\t<\/div>\n\t\t\t\t<\/div>\n\t\t\t\t<\/div>\n\t\t<div class=\"elementor-element elementor-element-3d6f2f2 e-con-full e-flex e-con e-child\" data-id=\"3d6f2f2\" data-element_type=\"container\" data-e-type=\"container\" data-settings=\"{&quot;background_background&quot;:&quot;classic&quot;,&quot;jet_parallax_layout_list&quot;:[]}\">\n\t\t<div class=\"elementor-element elementor-element-6340dd5 e-con-full e-flex e-con e-child\" data-id=\"6340dd5\" data-element_type=\"container\" data-e-type=\"container\" data-settings=\"{&quot;background_background&quot;:&quot;classic&quot;,&quot;jet_parallax_layout_list&quot;:[]}\">\n\t\t\t\t<div class=\"elementor-element elementor-element-9e0e798 elementor-widget elementor-widget-text-editor\" data-id=\"9e0e798\" data-element_type=\"widget\" data-e-type=\"widget\" data-widget_type=\"text-editor.default\">\n\t\t\t\t<div class=\"elementor-widget-container\">\n\t\t\t\t\t\t\t\t\t<div class=\"fusion-li-item-content\"><div class=\"fusion-text fusion-text-3\"><p>Holders of a BAC, BTS, Licence, Master, former Maitrise or equivalent diploma, wishing to acquire high-level training and practical know-how. Employees wishing to enhance their specific skills or those undergoing retraining. <\/p><\/div><\/div>\t\t\t\t\t\t\t\t<\/div>\n\t\t\t\t<\/div>\n\t\t\t\t<\/div>\n\t\t\t\t<\/div>\n\t\t\t\t<\/div>\n\t\t<div class=\"elementor-element elementor-element-792a959 e-con-full e-flex e-con e-child\" data-id=\"792a959\" data-element_type=\"container\" data-e-type=\"container\" data-settings=\"{&quot;jet_parallax_layout_list&quot;:[]}\">\n\t\t<div class=\"elementor-element elementor-element-969746e e-con-full e-flex e-con e-child\" data-id=\"969746e\" data-element_type=\"container\" data-e-type=\"container\" data-settings=\"{&quot;background_background&quot;:&quot;classic&quot;,&quot;jet_parallax_layout_list&quot;:[]}\">\n\t\t\t\t<div class=\"elementor-element elementor-element-646a411 elementor-widget elementor-widget-heading\" data-id=\"646a411\" data-element_type=\"widget\" data-e-type=\"widget\" data-widget_type=\"heading.default\">\n\t\t\t\t<div class=\"elementor-widget-container\">\n\t\t\t\t\t<h2 class=\"elementor-heading-title elementor-size-default\">THEMES COVERED<\/h2>\t\t\t\t<\/div>\n\t\t\t\t<\/div>\n\t\t\t\t<\/div>\n\t\t<div class=\"elementor-element elementor-element-2bb00db e-con-full e-flex e-con e-child\" data-id=\"2bb00db\" data-element_type=\"container\" data-e-type=\"container\" data-settings=\"{&quot;background_background&quot;:&quot;classic&quot;,&quot;jet_parallax_layout_list&quot;:[]}\">\n\t\t<div class=\"elementor-element elementor-element-34062cf e-con-full e-flex e-con e-child\" data-id=\"34062cf\" data-element_type=\"container\" data-e-type=\"container\" data-settings=\"{&quot;background_background&quot;:&quot;classic&quot;,&quot;jet_parallax_layout_list&quot;:[]}\">\n\t\t\t\t<div class=\"elementor-element elementor-element-b0183b5 elementor-widget elementor-widget-text-editor\" data-id=\"b0183b5\" data-element_type=\"widget\" data-e-type=\"widget\" data-widget_type=\"text-editor.default\">\n\t\t\t\t<div class=\"elementor-widget-container\">\n\t\t\t\t\t\t\t\t\t<div class=\"fusion-li-item-content\"><div class=\"fusion-text fusion-text-3\"><ul><li>Data Science<\/li><li>Economics &amp; econometrics<\/li><li>Statistics<\/li><li>IT Management<\/li><li>Top Management Meetings Project and Program Monitoring and Evaluation<\/li><\/ul><\/div><\/div>\t\t\t\t\t\t\t\t<\/div>\n\t\t\t\t<\/div>\n\t\t\t\t<\/div>\n\t\t\t\t<\/div>\n\t\t\t\t<\/div>\n\t\t<div class=\"elementor-element elementor-element-be57638 e-con-full e-flex e-con e-child\" data-id=\"be57638\" data-element_type=\"container\" data-e-type=\"container\" data-settings=\"{&quot;jet_parallax_layout_list&quot;:[]}\">\n\t\t<div class=\"elementor-element elementor-element-8c0285d e-con-full e-flex e-con e-child\" data-id=\"8c0285d\" data-element_type=\"container\" data-e-type=\"container\" data-settings=\"{&quot;background_background&quot;:&quot;classic&quot;,&quot;jet_parallax_layout_list&quot;:[]}\">\n\t\t\t\t<div class=\"elementor-element elementor-element-ce86bff elementor-widget elementor-widget-heading\" data-id=\"ce86bff\" data-element_type=\"widget\" data-e-type=\"widget\" data-widget_type=\"heading.default\">\n\t\t\t\t<div class=\"elementor-widget-container\">\n\t\t\t\t\t<h2 class=\"elementor-heading-title elementor-size-default\">CERTIFICATES<\/h2>\t\t\t\t<\/div>\n\t\t\t\t<\/div>\n\t\t\t\t<\/div>\n\t\t<div class=\"elementor-element elementor-element-3b8c36f e-con-full e-flex e-con e-child\" data-id=\"3b8c36f\" data-element_type=\"container\" data-e-type=\"container\" data-settings=\"{&quot;background_background&quot;:&quot;classic&quot;,&quot;jet_parallax_layout_list&quot;:[]}\">\n\t\t<div class=\"elementor-element elementor-element-d9c9b85 e-con-full e-flex e-con e-child\" data-id=\"d9c9b85\" data-element_type=\"container\" data-e-type=\"container\" data-settings=\"{&quot;background_background&quot;:&quot;classic&quot;,&quot;jet_parallax_layout_list&quot;:[]}\">\n\t\t\t\t<div class=\"elementor-element elementor-element-61e2810 elementor-widget elementor-widget-text-editor\" data-id=\"61e2810\" data-element_type=\"widget\" data-e-type=\"widget\" data-widget_type=\"text-editor.default\">\n\t\t\t\t<div class=\"elementor-widget-container\">\n\t\t\t\t\t\t\t\t\t<p>ENSEA Formation Continue offers a range of long courses known as Certificates. Certificates are training programs lasting from 14 to 22 days, spread over several months. They enable participants to acquire new professional skills to better grasp the challenges of their profession and move forward in their company or institution. <\/p>\t\t\t\t\t\t\t\t<\/div>\n\t\t\t\t<\/div>\n\t\t\t\t<\/div>\n\t\t\t\t<\/div>\n\t\t\t\t<\/div>\n\t\t\t\t<\/div>\n\t\t\t\t\t<\/div>\n\t\t\t\t<\/div>\n\t\t<div class=\"elementor-element elementor-element-c151ac4 e-flex e-con-boxed e-con e-parent\" data-id=\"c151ac4\" data-element_type=\"container\" data-e-type=\"container\" data-settings=\"{&quot;jet_parallax_layout_list&quot;:[]}\">\n\t\t\t\t\t<div class=\"e-con-inner\">\n\t\t\t\t<div class=\"elementor-element elementor-element-209aa71 elementor-widget elementor-widget-button\" data-id=\"209aa71\" data-element_type=\"widget\" data-e-type=\"widget\" data-widget_type=\"button.default\">\n\t\t\t\t<div class=\"elementor-widget-container\">\n\t\t\t\t\t\t\t\t\t<div class=\"elementor-button-wrapper\">\n\t\t\t\t\t<a class=\"elementor-button elementor-button-link elementor-size-sm\" href=\"https:\/\/app.box.com\/s\/pry19t7ab6lr2nxpfeyudeqaxgtwkh6h\" target=\"_blank\" rel=\"noopener\">\n\t\t\t\t\t\t<span class=\"elementor-button-content-wrapper\">\n\t\t\t\t\t\t\t\t\t<span class=\"elementor-button-text\">Our certificates<\/span>\n\t\t\t\t\t<\/span>\n\t\t\t\t\t<\/a>\n\t\t\t\t<\/div>\n\t\t\t\t\t\t\t\t<\/div>\n\t\t\t\t<\/div>\n\t\t\t\t\t<\/div>\n\t\t\t\t<\/div>\n\t\t\t\t<\/div>\n\t\t","protected":false},"excerpt":{"rendered":"<p>ENSEA Formation Continue is the continuing education unit of the \u00c9cole Nationale Sup\u00e9rieure de Statistique d&#8217;\u00c9conomie Appliqu\u00e9e (ENSEA). Its main objective is todeliver demanding training courses with innovative scientific content to public and private companies. Its top-notch trainers are experts in their fields. Thanks to its close links with the world of work and research, [&hellip;]<\/p>\n","protected":false},"author":3,"featured_media":0,"parent":5872,"menu_order":0,"comment_status":"closed","ping_status":"closed","template":"","meta":{"footnotes":""},"class_list":["post-7802","page","type-page","status-publish","hentry"],"_links":{"self":[{"href":"https:\/\/360.ensea.ed.ci\/en\/wp-json\/wp\/v2\/pages\/7802","targetHints":{"allow":["GET"]}}],"collection":[{"href":"https:\/\/360.ensea.ed.ci\/en\/wp-json\/wp\/v2\/pages"}],"about":[{"href":"https:\/\/360.ensea.ed.ci\/en\/wp-json\/wp\/v2\/types\/page"}],"author":[{"embeddable":true,"href":"https:\/\/360.ensea.ed.ci\/en\/wp-json\/wp\/v2\/users\/3"}],"replies":[{"embeddable":true,"href":"https:\/\/360.ensea.ed.ci\/en\/wp-json\/wp\/v2\/comments?post=7802"}],"version-history":[{"count":2,"href":"https:\/\/360.ensea.ed.ci\/en\/wp-json\/wp\/v2\/pages\/7802\/revisions"}],"predecessor-version":[{"id":7807,"href":"https:\/\/360.ensea.ed.ci\/en\/wp-json\/wp\/v2\/pages\/7802\/revisions\/7807"}],"up":[{"embeddable":true,"href":"https:\/\/360.ensea.ed.ci\/en\/wp-json\/wp\/v2\/pages\/5872"}],"wp:attachment":[{"href":"https:\/\/360.ensea.ed.ci\/en\/wp-json\/wp\/v2\/media?parent=7802"}],"curies":[{"name":"wp","href":"https:\/\/api.w.org\/{rel}","templated":true}]}}